{"id":3270,"date":"2025-02-22T22:53:20","date_gmt":"2025-02-22T21:53:20","guid":{"rendered":"https:\/\/stowarzyszenie-justjan.pl\/?page_id=3270"},"modified":"2026-03-10T20:53:21","modified_gmt":"2026-03-10T19:53:21","slug":"stowarzyszenie-rozwoju-justynowa-i-janowki","status":"publish","type":"page","link":"https:\/\/justynow-janowka.pl\/index.php\/stowarzyszenie-rozwoju-justynowa-i-janowki\/","title":{"rendered":"Stowarzyszenie Rozwoju Justynowa i Jan\u00f3wki"},"content":{"rendered":"\t\t<div data-elementor-type=\"wp-page\" data-elementor-id=\"3270\" class=\"elementor elementor-3270\">\n\t\t\t\t\t\t<section class=\"elementor-section elementor-top-section elementor-element elementor-element-8b88dff elementor-section-boxed elementor-section-height-default elementor-section-height-default\" data-id=\"8b88dff\" data-element_type=\"section\" data-e-type=\"section\">\n\t\t\t\t\t\t<div class=\"elementor-container elementor-column-gap-default\">\n\t\t\t\t\t<div class=\"elementor-column elementor-col-100 elementor-top-column elementor-element elementor-element-9e27e87\" data-id=\"9e27e87\" data-element_type=\"column\" data-e-type=\"column\">\n\t\t\t<div class=\"elementor-widget-wrap elementor-element-populated\">\n\t\t\t\t\t\t<div class=\"elementor-element elementor-element-aaef39e elementor-widget elementor-widget-spacer\" data-id=\"aaef39e\" data-element_type=\"widget\" data-e-type=\"widget\" data-widget_type=\"spacer.default\">\n\t\t\t\t<div class=\"elementor-widget-container\">\n\t\t\t\t\t\t\t<div class=\"elementor-spacer\">\n\t\t\t<div class=\"elementor-spacer-inner\"><\/div>\n\t\t<\/div>\n\t\t\t\t\t\t<\/div>\n\t\t\t\t<\/div>\n\t\t\t\t<div class=\"elementor-element elementor-element-9a3dc08 elementor-widget__width-auto elementor-widget elementor-widget-heading\" data-id=\"9a3dc08\" data-element_type=\"widget\" data-e-type=\"widget\" data-widget_type=\"heading.default\">\n\t\t\t\t<div class=\"elementor-widget-container\">\n\t\t\t\t\t<h2 class=\"elementor-heading-title elementor-size-default\">Stowarzyszenie Rozwoju Justynowa i Jan\u00f3wki<\/h2>\t\t\t\t<\/div>\n\t\t\t\t<\/div>\n\t\t\t\t\t<\/div>\n\t\t<\/div>\n\t\t\t\t\t<\/div>\n\t\t<\/section>\n\t\t\t\t<section class=\"elementor-section elementor-top-section elementor-element elementor-element-7946e9f elementor-section-boxed elementor-section-height-default elementor-section-height-default\" data-id=\"7946e9f\" data-element_type=\"section\" data-e-type=\"section\">\n\t\t\t\t\t\t<div class=\"elementor-container elementor-column-gap-default\">\n\t\t\t\t\t<div class=\"elementor-column elementor-col-100 elementor-top-column elementor-element elementor-element-24d1d21\" data-id=\"24d1d21\" data-element_type=\"column\" data-e-type=\"column\">\n\t\t\t<div class=\"elementor-widget-wrap elementor-element-populated\">\n\t\t\t\t\t\t<div class=\"elementor-element elementor-element-0f0fe9f elementor-widget-divider--view-line elementor-widget elementor-widget-divider\" data-id=\"0f0fe9f\" data-element_type=\"widget\" data-e-type=\"widget\" data-widget_type=\"divider.default\">\n\t\t\t\t<div class=\"elementor-widget-container\">\n\t\t\t\t\t\t\t<div class=\"elementor-divider\">\n\t\t\t<span class=\"elementor-divider-separator\">\n\t\t\t\t\t\t<\/span>\n\t\t<\/div>\n\t\t\t\t\t\t<\/div>\n\t\t\t\t<\/div>\n\t\t\t\t\t<\/div>\n\t\t<\/div>\n\t\t\t\t\t<\/div>\n\t\t<\/section>\n\t\t\t\t<section class=\"elementor-section elementor-top-section elementor-element elementor-element-65cbcba elementor-section-boxed elementor-section-height-default elementor-section-height-default\" data-id=\"65cbcba\" data-element_type=\"section\" data-e-type=\"section\">\n\t\t\t\t\t\t<div class=\"elementor-container elementor-column-gap-default\">\n\t\t\t\t\t<div class=\"elementor-column elementor-col-100 elementor-top-column elementor-element elementor-element-dc3b445\" data-id=\"dc3b445\" data-element_type=\"column\" data-e-type=\"column\">\n\t\t\t<div class=\"elementor-widget-wrap elementor-element-populated\">\n\t\t\t\t\t\t<div class=\"elementor-element elementor-element-75454b5 elementor-widget elementor-widget-text-editor\" data-id=\"75454b5\" data-element_type=\"widget\" data-e-type=\"widget\" data-widget_type=\"text-editor.default\">\n\t\t\t\t<div class=\"elementor-widget-container\">\n\t\t\t\t\t\t\t\t\t<p><span style=\"color: #4f4f4f; font-family: 'Open Sans', sans-serif; font-size: 13px; text-align: justify; text-transform: none;\">Stowarzyszenie Rozwoju Justynowa i Jan\u00f3wki istnieje od maja 2001 roku. G\u0142\u00f3wnym zadaniem Stowarzyszenia jest dzia\u0142anie na rzecz spo\u0142eczno\u015bci lokalnej, wspieranie wszelkich inicjatyw maj\u0105cych na celu integracj\u0119 mieszka\u0144c\u00f3w i organizacji spo\u0142ecznych, ochrona zasob\u00f3w przyrody ojczystej, wspieranie lokalnych tw\u00f3rc\u00f3w, promowanie sportu i rekreacji oraz utrwalanie dziej\u00f3w naszych miejscowo\u015bci.<\/span><br style=\"color: #4f4f4f; font-family: 'Open Sans', sans-serif; font-size: 13px; text-align: justify; text-transform: none;\"><br style=\"color: #4f4f4f; font-family: 'Open Sans', sans-serif; font-size: 13px; text-align: justify; text-transform: none;\"><span style=\"color: #4f4f4f; font-family: 'Open Sans', sans-serif; font-size: 13px; text-align: justify; text-transform: none;\">Zgodnie ze statutem Stowarzyszenia sprawujemy opiek\u0119 nad dzie\u0107mi i rodzinami patologicznymi, b\u0119d\u0105cymi w trudnej sytuacji materialnej. Dwukrotnie w ci\u0105gu roku kalendarzowego prowadzimy akcj\u0119 pod has\u0142em:&nbsp;<\/span><b style=\"color: #4f4f4f; font-family: 'Open Sans', sans-serif; font-size: 13px; text-align: justify; text-transform: none;\">\u201ePodziel si\u0119 tym czego masz wi\u0119cej\u201d<\/b><span style=\"color: #4f4f4f; font-family: 'Open Sans', sans-serif; font-size: 13px; text-align: justify; text-transform: none;\">. Przed \u015awi\u0119tami Wielkanocy i Bo\u017cego Narodzenia dzi\u0119ki hojno\u015bci mieszka\u0144c\u00f3w naszych miejscowo\u015bci oraz dzi\u0119ki grzeczno\u015bci w\u0142a\u015bcicieli sklep\u00f3w gromadzimy i dostarczamy paczki \u017cywno\u015bciowe do oko\u0142o 23 rodzin potrzebuj\u0105cych pomocy.<\/span><br style=\"color: #4f4f4f; font-family: 'Open Sans', sans-serif; font-size: 13px; text-align: justify; text-transform: none;\"><br style=\"color: #4f4f4f; font-family: 'Open Sans', sans-serif; font-size: 13px; text-align: justify; text-transform: none;\"><span style=\"color: #4f4f4f; font-family: 'Open Sans', sans-serif; font-size: 13px; text-align: justify; text-transform: none;\">Pod patronatem Stowarzyszenia i przy wsparciu Urz\u0119du Gminy oraz Ksi\u0119dza Proboszcza od 2003 roku funkcjonuje&nbsp;<\/span><b style=\"color: #4f4f4f; font-family: 'Open Sans', sans-serif; font-size: 13px; text-align: justify; text-transform: none;\">\u201e\u015awietlica \u015arodowiskowa\u201d<\/b><span style=\"color: #4f4f4f; font-family: 'Open Sans', sans-serif; font-size: 13px; text-align: justify; text-transform: none;\">&nbsp;dla dzieci. Ucz\u0119szczaj\u0105cy do \u015bwietlicy uczniowie ze Szko\u0142y Podstawowej w Justynowie mog\u0105 pod fachow\u0105 opiek\u0105 nauczycielek odrobi\u0107 lekcje, pobawi\u0107 si\u0119 i dosta\u0107 posi\u0142ek. Na Dzie\u0144 Dziecka dzieci ka\u017cdego roku jad\u0105 na basen do Brzezin.<\/span><br style=\"color: #4f4f4f; font-family: 'Open Sans', sans-serif; font-size: 13px; text-align: justify; text-transform: none;\"><br style=\"color: #4f4f4f; font-family: 'Open Sans', sans-serif; font-size: 13px; text-align: justify; text-transform: none;\"><span style=\"color: #4f4f4f; font-family: 'Open Sans', sans-serif; font-size: 13px; text-align: justify; text-transform: none;\">W 2004 roku rozpocz\u0119li\u015bmy wsp\u00f3\u0142prac\u0119 z Fundacj\u0105&nbsp;<\/span><b style=\"color: #4f4f4f; font-family: 'Open Sans', sans-serif; font-size: 13px; text-align: justify; text-transform: none;\">\u201eBank \u017bywno\u015bci\u201d<\/b><span style=\"color: #4f4f4f; font-family: 'Open Sans', sans-serif; font-size: 13px; text-align: justify; text-transform: none;\">&nbsp;i zostali\u015bmy uj\u0119ci w programie unijnym PEAD dotycz\u0105cym dostarczania \u017cywno\u015bci dla najbiedniejszej ludno\u015bci Unii Europejskiej. Zgodnie z tym programem otrzymujemy produkty spo\u017cywcze dla oko\u0142o 170 os\u00f3b czyli 55 rodzin z naszego terenu. Rocznie Stowarzyszenie wydaje w przybli\u017ceniu 5 ton \u017cywno\u015bci.<\/span><br style=\"color: #4f4f4f; font-family: 'Open Sans', sans-serif; font-size: 13px; text-align: justify; text-transform: none;\"><br style=\"color: #4f4f4f; font-family: 'Open Sans', sans-serif; font-size: 13px; text-align: justify; text-transform: none;\"><span style=\"color: #4f4f4f; font-family: 'Open Sans', sans-serif; font-size: 13px; text-align: justify; text-transform: none;\">Od lipca 2008 roku Stowarzyszenie posiada statut Organizacji Po\u017cytku Publicznego i jest zarejestrowane w Krajowym Rejestrze S\u0105dowym.<\/span><br style=\"color: #4f4f4f; font-family: 'Open Sans', sans-serif; font-size: 13px; text-align: justify; text-transform: none;\"><br style=\"color: #4f4f4f; font-family: 'Open Sans', sans-serif; font-size: 13px; text-align: justify; text-transform: none;\"><span style=\"color: #4f4f4f; font-family: 'Open Sans', sans-serif; font-size: 13px; text-align: justify; text-transform: none;\">Dzi\u0119ki temu na nasz\u0105 organizacj\u0119 mo\u017cna przekaza\u0107 1,5 % z podatku dochodowego pod nr&nbsp;<\/span><b style=\"color: #4f4f4f; font-family: 'Open Sans', sans-serif; font-size: 13px; text-align: justify; text-transform: none;\">0000006159<\/b><span style=\"color: #4f4f4f; font-family: 'Open Sans', sans-serif; font-size: 13px; text-align: justify; text-transform: none;\">&nbsp;oraz na nr konta:<br><\/span><\/p>\n<div style=\"text-align: justify;\"><i style=\"background-color: transparent; letter-spacing: 0em; text-align: right;\">&nbsp; &nbsp;&nbsp;<\/i><\/div>\n<p><\/p>\t\t\t\t\t\t\t\t<\/div>\n\t\t\t\t<\/div>\n\t\t\t\t<div class=\"elementor-element elementor-element-a94cec3 elementor-widget elementor-widget-text-editor\" data-id=\"a94cec3\" data-element_type=\"widget\" data-e-type=\"widget\" data-widget_type=\"text-editor.default\">\n\t\t\t\t<div class=\"elementor-widget-container\">\n\t\t\t\t\t\t\t\t\t<p>32 8781 0006 0000 1892 2000 0010<\/p>\t\t\t\t\t\t\t\t<\/div>\n\t\t\t\t<\/div>\n\t\t\t\t<div class=\"elementor-element elementor-element-0dd9a8e elementor-widget elementor-widget-text-editor\" data-id=\"0dd9a8e\" data-element_type=\"widget\" data-e-type=\"widget\" data-widget_type=\"text-editor.default\">\n\t\t\t\t<div class=\"elementor-widget-container\">\n\t\t\t\t\t\t\t\t\t<p><span style=\"background-color: transparent; letter-spacing: 0em; color: #4f4f4f; font-family: 'Open Sans', sans-serif; font-size: 13px; text-align: justify; text-transform: none;\"><br \/>Posiadaj\u0105c statut Organizacji Po\u017cytku Publicznego mogli\u015bmy stara\u0107 si\u0119 o projekty unijne. W 2010 roku zosta\u0142y z\u0142o\u017cone przez Stowarzyszenie trzy wnioski do Urz\u0119du Marsza\u0142kowskiego i Wojew\u00f3dzkiego Urz\u0119du Pracy. By\u0142y to projekty dotycz\u0105ce zaj\u0119\u0107 dodatkowych z logopedii i rytmiki dla dzieci z Samorz\u0105dowego Przedszkola w Justynowie, projekty dla mieszka\u0144c\u00f3w Justynowa i Jan\u00f3wki pt.\u00a0<\/span><b style=\"background-color: transparent; letter-spacing: 0em; color: #4f4f4f; font-family: 'Open Sans', sans-serif; font-size: 13px; text-align: justify; text-transform: none;\">\u201eIntegracja przez rekreacj\u0119 ruchow\u0105\u201d<\/b><span style=\"background-color: transparent; letter-spacing: 0em; color: #4f4f4f; font-family: 'Open Sans', sans-serif; font-size: 13px; text-align: justify; text-transform: none;\">\u00a0oraz\u00a0<\/span><b style=\"background-color: transparent; letter-spacing: 0em; color: #4f4f4f; font-family: 'Open Sans', sans-serif; font-size: 13px; text-align: justify; text-transform: none;\">\u201eKwalifikacje przyjazne ka\u017cdemu\u201d<\/b><span style=\"background-color: transparent; letter-spacing: 0em; color: #4f4f4f; font-family: 'Open Sans', sans-serif; font-size: 13px; text-align: justify; text-transform: none;\">. Uda\u0142o si\u0119 pozyska\u0107 fundusze z Unii Europejskiej tylko z jednego projektu\u00a0<\/span><b style=\"background-color: transparent; letter-spacing: 0em; color: #4f4f4f; font-family: 'Open Sans', sans-serif; font-size: 13px; text-align: justify; text-transform: none;\">\u201eKwalifikacje przyjazne ka\u017cdemu\u201d<\/b><span style=\"background-color: transparent; letter-spacing: 0em; color: #4f4f4f; font-family: 'Open Sans', sans-serif; font-size: 13px; text-align: justify; text-transform: none;\">. Od stycznia 2011 roku, a\u017c do 11 czerwca, 19 mieszka\u0144c\u00f3w z Justynowa i Jan\u00f3wki ucz\u0119szcza\u0142o na zaj\u0119cia z florystyki i projektowania ogrod\u00f3w, przedsi\u0119biorczo\u015bci i informatyki. Projekt obejmowa\u0142 osoby, kt\u00f3re s\u0105 bezrobotne lub nieaktywne zawodowo.<\/span><\/p><p>\u00a0<\/p><p style=\"line-height: 23.4px; text-align: right; text-transform: none; font-size: 13px; font-family: 'Open Sans', sans-serif; color: #4f4f4f;\">Prezes stowarzyszenia\u00a0 \u00a0\u00a0<br \/><i>Beata Nowak\u00a0 \u00a0<\/i><\/p>\t\t\t\t\t\t\t\t<\/div>\n\t\t\t\t<\/div>\n\t\t\t\t<div class=\"elementor-element elementor-element-1175f81 elementor-widget-divider--view-line elementor-widget elementor-widget-divider\" data-id=\"1175f81\" data-element_type=\"widget\" data-e-type=\"widget\" data-widget_type=\"divider.default\">\n\t\t\t\t<div class=\"elementor-widget-container\">\n\t\t\t\t\t\t\t<div class=\"elementor-divider\">\n\t\t\t<span class=\"elementor-divider-separator\">\n\t\t\t\t\t\t<\/span>\n\t\t<\/div>\n\t\t\t\t\t\t<\/div>\n\t\t\t\t<\/div>\n\t\t\t\t<div class=\"elementor-element elementor-element-3205f24 elementor-hidden-tablet elementor-hidden-mobile elementor-widget elementor-widget-video\" data-id=\"3205f24\" data-element_type=\"widget\" data-e-type=\"widget\" data-settings=\"{&quot;youtube_url&quot;:&quot;https:\\\/\\\/www.youtube.com\\\/watch?v=nhDZpd82xfY&quot;,&quot;autoplay&quot;:&quot;yes&quot;,&quot;mute&quot;:&quot;yes&quot;,&quot;loop&quot;:&quot;yes&quot;,&quot;video_type&quot;:&quot;youtube&quot;}\" data-widget_type=\"video.default\">\n\t\t\t\t<div class=\"elementor-widget-container\">\n\t\t\t\t\t\t\t<div class=\"elementor-wrapper elementor-open-inline\">\n\t\t\t<div class=\"elementor-video\"><\/div>\t\t<\/div>\n\t\t\t\t\t\t<\/div>\n\t\t\t\t<\/div>\n\t\t\t\t\t<\/div>\n\t\t<\/div>\n\t\t\t\t\t<\/div>\n\t\t<\/section>\n\t\t\t\t<section class=\"elementor-section elementor-top-section elementor-element elementor-element-74bb1b7 elementor-section-boxed elementor-section-height-default elementor-section-height-default\" data-id=\"74bb1b7\" data-element_type=\"section\" data-e-type=\"section\">\n\t\t\t\t\t\t<div class=\"elementor-container elementor-column-gap-default\">\n\t\t\t\t\t<div class=\"elementor-column elementor-col-100 elementor-top-column elementor-element elementor-element-a629273\" data-id=\"a629273\" data-element_type=\"column\" data-e-type=\"column\">\n\t\t\t<div class=\"elementor-widget-wrap elementor-element-populated\">\n\t\t\t\t\t\t<div class=\"elementor-element elementor-element-b8c93be elementor-widget elementor-widget-heading\" data-id=\"b8c93be\" data-element_type=\"widget\" data-e-type=\"widget\" data-widget_type=\"heading.default\">\n\t\t\t\t<div class=\"elementor-widget-container\">\n\t\t\t\t\t<h6 class=\"elementor-heading-title elementor-size-default\">Nagranie:. <span style=\"font-size: 14px;text-align: center\">fot. FOTO FABRIKON Youtube:@fotofabrikon5871<\/span><\/h6>\t\t\t\t<\/div>\n\t\t\t\t<\/div>\n\t\t\t\t\t<\/div>\n\t\t<\/div>\n\t\t\t\t\t<\/div>\n\t\t<\/section>\n\t\t\t\t<\/div>\n\t\t","protected":false},"excerpt":{"rendered":"<p>Stowarzyszenie Rozwoju Justynowa i Jan\u00f3wki Stowarzyszenie Rozwoju Justynowa i Jan\u00f3wki istnieje od maja 2001 roku. G\u0142\u00f3wnym zadaniem Stowarzyszenia jest dzia\u0142anie na rzecz spo\u0142eczno\u015bci lokalnej, wspieranie wszelkich inicjatyw maj\u0105cych na celu integracj\u0119 mieszka\u0144c\u00f3w i organizacji spo\u0142ecznych, ochrona zasob\u00f3w przyrody ojczystej, wspieranie lokalnych tw\u00f3rc\u00f3w, promowanie sportu i rekreacji oraz utrwalanie dziej\u00f3w naszych miejscowo\u015bci.Zgodnie ze statutem Stowarzyszenia sprawujemy&#8230;<\/p>\n","protected":false},"author":2,"featured_media":3188,"parent":0,"menu_order":0,"comment_status":"closed","ping_status":"closed","template":"elementor_header_footer","meta":{"_kad_post_transparent":"","_kad_post_title":"hide","_kad_post_layout":"fullwidth","_kad_post_sidebar_id":"","_kad_post_content_style":"unboxed","_kad_post_vertical_padding":"hide","_kad_post_feature":"hide","_kad_post_feature_position":"","_kad_post_header":false,"_kad_post_footer":false,"footnotes":""},"class_list":["post-3270","page","type-page","status-publish","has-post-thumbnail","hentry"],"_links":{"self":[{"href":"https:\/\/justynow-janowka.pl\/index.php\/wp-json\/wp\/v2\/pages\/3270","targetHints":{"allow":["GET"]}}],"collection":[{"href":"https:\/\/justynow-janowka.pl\/index.php\/wp-json\/wp\/v2\/pages"}],"about":[{"href":"https:\/\/justynow-janowka.pl\/index.php\/wp-json\/wp\/v2\/types\/page"}],"author":[{"embeddable":true,"href":"https:\/\/justynow-janowka.pl\/index.php\/wp-json\/wp\/v2\/users\/2"}],"replies":[{"embeddable":true,"href":"https:\/\/justynow-janowka.pl\/index.php\/wp-json\/wp\/v2\/comments?post=3270"}],"version-history":[{"count":50,"href":"https:\/\/justynow-janowka.pl\/index.php\/wp-json\/wp\/v2\/pages\/3270\/revisions"}],"predecessor-version":[{"id":3981,"href":"https:\/\/justynow-janowka.pl\/index.php\/wp-json\/wp\/v2\/pages\/3270\/revisions\/3981"}],"wp:featuredmedia":[{"embeddable":true,"href":"https:\/\/justynow-janowka.pl\/index.php\/wp-json\/wp\/v2\/media\/3188"}],"wp:attachment":[{"href":"https:\/\/justynow-janowka.pl\/index.php\/wp-json\/wp\/v2\/media?parent=3270"}],"curies":[{"name":"wp","href":"https:\/\/api.w.org\/{rel}","templated":true}]}}