{"id":3750,"date":"2025-06-02T22:52:20","date_gmt":"2025-06-02T20:52:20","guid":{"rendered":"https:\/\/justynow-janowka.pl\/?page_id=3750"},"modified":"2025-06-03T20:17:42","modified_gmt":"2025-06-03T18:17:42","slug":"zdjecia","status":"publish","type":"page","link":"https:\/\/justynow-janowka.pl\/index.php\/zdjecia\/","title":{"rendered":"Galeria"},"content":{"rendered":"<p class=\"attachment\"><a href='https:\/\/justynow-janowka.pl\/wp-content\/uploads\/2026\/03\/logo-gralech.png'><img decoding=\"async\" width=\"289\" height=\"70\" src=\"https:\/\/justynow-janowka.pl\/wp-content\/uploads\/2026\/03\/logo-gralech.png\" class=\"attachment-medium size-medium\" alt=\"\" \/><\/a><\/p>\n\t\t<div data-elementor-type=\"wp-page\" data-elementor-id=\"3750\" class=\"elementor elementor-3750\">\n\t\t\t\t\t\t<section class=\"elementor-section elementor-top-section elementor-element elementor-element-d5b1b1f elementor-section-boxed elementor-section-height-default elementor-section-height-default\" data-id=\"d5b1b1f\" data-element_type=\"section\" data-e-type=\"section\">\n\t\t\t\t\t\t<div class=\"elementor-container elementor-column-gap-default\">\n\t\t\t\t\t<div class=\"elementor-column elementor-col-100 elementor-top-column elementor-element elementor-element-c6bb819\" data-id=\"c6bb819\" data-element_type=\"column\" data-e-type=\"column\">\n\t\t\t<div class=\"elementor-widget-wrap elementor-element-populated\">\n\t\t\t\t\t\t<div class=\"elementor-element elementor-element-6c6f61f elementor-widget elementor-widget-spacer\" data-id=\"6c6f61f\" data-element_type=\"widget\" data-e-type=\"widget\" data-widget_type=\"spacer.default\">\n\t\t\t\t<div class=\"elementor-widget-container\">\n\t\t\t\t\t\t\t<div class=\"elementor-spacer\">\n\t\t\t<div class=\"elementor-spacer-inner\"><\/div>\n\t\t<\/div>\n\t\t\t\t\t\t<\/div>\n\t\t\t\t<\/div>\n\t\t\t\t<div class=\"elementor-element elementor-element-808df53 elementor-widget elementor-widget-heading\" data-id=\"808df53\" data-element_type=\"widget\" data-e-type=\"widget\" data-widget_type=\"heading.default\">\n\t\t\t\t<div class=\"elementor-widget-container\">\n\t\t\t\t\t<h2 class=\"elementor-heading-title elementor-size-default\"><span style=\"letter-spacing: 0em\">Galeria zdj\u0119\u0107 - <\/span>16. Dycha Justyn\u00f3w-Jan\u00f3wka<\/h2>\t\t\t\t<\/div>\n\t\t\t\t<\/div>\n\t\t\t\t<div class=\"elementor-element elementor-element-7ad8311 elementor-widget elementor-widget-spacer\" data-id=\"7ad8311\" data-element_type=\"widget\" data-e-type=\"widget\" data-widget_type=\"spacer.default\">\n\t\t\t\t<div class=\"elementor-widget-container\">\n\t\t\t\t\t\t\t<div class=\"elementor-spacer\">\n\t\t\t<div class=\"elementor-spacer-inner\"><\/div>\n\t\t<\/div>\n\t\t\t\t\t\t<\/div>\n\t\t\t\t<\/div>\n\t\t\t\t\t<\/div>\n\t\t<\/div>\n\t\t\t\t\t<\/div>\n\t\t<\/section>\n\t\t\t\t<section class=\"elementor-section elementor-top-section elementor-element elementor-element-1a96e68 elementor-section-height-min-height elementor-section-boxed elementor-section-height-default elementor-section-items-middle\" data-id=\"1a96e68\" data-element_type=\"section\" data-e-type=\"section\">\n\t\t\t\t\t\t<div class=\"elementor-container elementor-column-gap-default\">\n\t\t\t\t\t<div class=\"elementor-column elementor-col-100 elementor-top-column elementor-element elementor-element-7c87960\" data-id=\"7c87960\" data-element_type=\"column\" data-e-type=\"column\">\n\t\t\t<div class=\"elementor-widget-wrap elementor-element-populated\">\n\t\t\t\t\t\t<div class=\"elementor-element elementor-element-e2e8430 elementor-widget elementor-widget-slider_revolution\" data-id=\"e2e8430\" data-element_type=\"widget\" data-e-type=\"widget\" data-widget_type=\"slider_revolution.default\">\n\t\t\t\t<div class=\"elementor-widget-container\">\n\t\t\t\t\t\n\t\t<div class=\"wp-block-themepunch-revslider\">\n\t\t\t\t<p class=\"rs-p-wp-fix\"><\/p>\n\t\t\t\t<sr7-module data-alias=\"slider-1-1\" data-id=\"2\" id=\"SR7_2_1\" class=\"rs-ov-hidden\" data-version=\"6.7.17\">\n\t\t\t\t\t<sr7-adjuster><\/sr7-adjuster>\n\t\t\t\t\t<sr7-content>\n\t\t\t\t\t\t<sr7-slide id=\"SR7_2_1-16\" data-key=\"16\">\n\t\t\t\t\t\t\t<sr7-bg id=\"SR7_2_1-16-1\" class=\"sr7-layer\"><noscript><img decoding=\"async\" src=\"http:\/\/justynow-janowka.pl\/wp-content\/uploads\/2025\/06\/DJJ_5.jpg\" alt=\"\" title=\"DJJ_5\"><\/noscript><\/sr7-bg>\n\t\t\t\t\t\t<\/sr7-slide>\n\t\t\t\t\t\t<sr7-slide id=\"SR7_2_1-19\" data-key=\"19\">\n\t\t\t\t\t\t\t<sr7-bg id=\"SR7_2_1-19-1\" class=\"sr7-layer\"><noscript><img decoding=\"async\" src=\"http:\/\/justynow-janowka.pl\/wp-content\/uploads\/2025\/06\/DJJ_193.jpg\" alt=\"\" title=\"DJJ_193\"><\/noscript><\/sr7-bg>\n\t\t\t\t\t\t<\/sr7-slide>\n\t\t\t\t\t\t<sr7-slide id=\"SR7_2_1-21\" data-key=\"21\">\n\t\t\t\t\t\t\t<sr7-bg id=\"SR7_2_1-21-1\" class=\"sr7-layer\"><noscript><img decoding=\"async\" src=\"http:\/\/justynow-janowka.pl\/wp-content\/uploads\/2025\/06\/DJJ_44.jpg\" alt=\"\" title=\"DJJ_44\"><\/noscript><\/sr7-bg>\n\t\t\t\t\t\t<\/sr7-slide>\n\t\t\t\t\t\t<sr7-slide id=\"SR7_2_1-22\" data-key=\"22\">\n\t\t\t\t\t\t\t<sr7-bg id=\"SR7_2_1-22-1\" class=\"sr7-layer\"><noscript><img decoding=\"async\" src=\"http:\/\/justynow-janowka.pl\/wp-content\/uploads\/2025\/06\/DJJ_407.jpg\" alt=\"\" title=\"DJJ_407\"><\/noscript><\/sr7-bg>\n\t\t\t\t\t\t<\/sr7-slide>\n\t\t\t\t\t\t<sr7-slide id=\"SR7_2_1-20\" data-key=\"20\">\n\t\t\t\t\t\t<\/sr7-slide>\n\t\t\t\t\t<\/sr7-content>\n\t\t\t\t\t<image_lists style=\"display:none\">\n\t\t\t\t\t\t<img data-src=\"\/\/justynow-janowka.pl\/wp-content\/uploads\/2025\/06\/DJJ_5.jpg\" data-libid=\"3753\" data-lib=\"medialibrary\" title=\"DJJ_5\" width=\"0\" height=\"0\" data-dbsrc=\"Ly9qdXN0eW5vdy1qYW5vd2thLnBsL3dwLWNvbnRlbnQvdXBsb2Fkcy8yMDI1LzA2L0RKSl81LmpwZw==\"\/>\n\t\t\t\t\t\t<img data-src=\"\/\/justynow-janowka.pl\/wp-content\/uploads\/2025\/06\/DJJ_193.jpg\" data-libid=\"3755\" data-lib=\"medialibrary\" title=\"DJJ_193\" width=\"0\" height=\"0\" data-dbsrc=\"Ly9qdXN0eW5vdy1qYW5vd2thLnBsL3dwLWNvbnRlbnQvdXBsb2Fkcy8yMDI1LzA2L0RKSl8xOTMuanBn\"\/>\n\t\t\t\t\t\t<img loading=\"lazy\" data-src=\"\/\/justynow-janowka.pl\/wp-content\/uploads\/2025\/06\/DJJ_44.jpg\" data-libid=\"3754\" data-lib=\"medialibrary\" title=\"DJJ_44\" width=\"0\" height=\"0\" data-dbsrc=\"Ly9qdXN0eW5vdy1qYW5vd2thLnBsL3dwLWNvbnRlbnQvdXBsb2Fkcy8yMDI1LzA2L0RKSl80NC5qcGc=\"\/>\n\t\t\t\t\t\t<img loading=\"lazy\" data-src=\"\/\/justynow-janowka.pl\/wp-content\/uploads\/2025\/06\/DJJ_407.jpg\" data-libid=\"3756\" data-lib=\"medialibrary\" title=\"DJJ_407\" width=\"0\" height=\"0\" data-dbsrc=\"Ly9qdXN0eW5vdy1qYW5vd2thLnBsL3dwLWNvbnRlbnQvdXBsb2Fkcy8yMDI1LzA2L0RKSl80MDcuanBn\"\/>\n\t\t\t\t\t<\/image_lists>\n\t\t\t\t<\/sr7-module>\n\t\t\t\t<script>\n\t\t\t\t\tSR7.PMH ??={}; SR7.PMH[\"SR7_2_1\"] = {cn:0,state:false,fn: function() { if (_tpt!==undefined && _tpt.prepareModuleHeight !== undefined) {  _tpt.prepareModuleHeight({id:\"SR7_2_1\",el:[780,780,780,780,450],type:'standard',shdw:'0',gh:[780,780,780,780,450],gw:[1300,1300,1300,1300,480],vpt:['100px&#039;,&#039;100px&#039;,&#039;100px&#039;,&#039;100px&#039;,&#039;100px'],size:{fullWidth:true, fullHeight:false},mh:'0',onh:0,onw:0,bg:{color:'{\"type\":\"solid\",\"orig\":\"#ffffff\",\"string\":\"rgba(255, 255, 255, 1)\"}'}});   SR7.PMH[\"SR7_2_1\"].state=true;} else if((SR7.PMH[\"SR7_2_1\"].cn++)<100)\tsetTimeout( SR7.PMH[\"SR7_2_1\"].fn,19);}};SR7.PMH[\"SR7_2_1\" ].fn();\n\t\t\t\t<\/script>\n<\/div>\n\n\t\t\t\t\t\t<\/div>\n\t\t\t\t<\/div>\n\t\t\t\t\t<\/div>\n\t\t<\/div>\n\t\t\t\t\t<\/div>\n\t\t<\/section>\n\t\t\t\t<section class=\"elementor-section elementor-top-section elementor-element elementor-element-cd9ff66 elementor-section-boxed elementor-section-height-default elementor-section-height-default\" data-id=\"cd9ff66\" data-element_type=\"section\" data-e-type=\"section\">\n\t\t\t\t\t\t<div class=\"elementor-container elementor-column-gap-default\">\n\t\t\t\t\t<div class=\"elementor-column elementor-col-100 elementor-top-column elementor-element elementor-element-dd5d09e\" data-id=\"dd5d09e\" data-element_type=\"column\" data-e-type=\"column\">\n\t\t\t<div class=\"elementor-widget-wrap elementor-element-populated\">\n\t\t\t\t\t\t<div class=\"elementor-element elementor-element-ea59a7c elementor-widget elementor-widget-heading\" data-id=\"ea59a7c\" data-element_type=\"widget\" data-e-type=\"widget\" data-widget_type=\"heading.default\">\n\t\t\t\t<div class=\"elementor-widget-container\">\n\t\t\t\t\t<h2 class=\"elementor-heading-title elementor-size-default\">Linki (2025):<\/h2>\t\t\t\t<\/div>\n\t\t\t\t<\/div>\n\t\t\t\t<div class=\"elementor-element elementor-element-a4fef75 elementor-widget-divider--view-line elementor-widget elementor-widget-divider\" data-id=\"a4fef75\" data-element_type=\"widget\" data-e-type=\"widget\" data-widget_type=\"divider.default\">\n\t\t\t\t<div class=\"elementor-widget-container\">\n\t\t\t\t\t\t\t<div class=\"elementor-divider\">\n\t\t\t<span class=\"elementor-divider-separator\">\n\t\t\t\t\t\t<\/span>\n\t\t<\/div>\n\t\t\t\t\t\t<\/div>\n\t\t\t\t<\/div>\n\t\t\t\t<div class=\"elementor-element elementor-element-a0ac187 elementor-widget elementor-widget-text-editor\" data-id=\"a0ac187\" data-element_type=\"widget\" data-e-type=\"widget\" data-widget_type=\"text-editor.default\">\n\t\t\t\t<div class=\"elementor-widget-container\">\n\t\t\t\t\t\t\t\t\t<h3>Konrad Ci\u0119\u017cki &#8211; Zabiegany Fotografik &#8211;\u00a0 <a style=\"letter-spacing: 0em;\" href=\"https:\/\/www.facebook.com\/ZabieganyFotografik\">Facebook<\/a><\/h3>\t\t\t\t\t\t\t\t<\/div>\n\t\t\t\t<\/div>\n\t\t\t\t<div class=\"elementor-element elementor-element-5432102 elementor-widget elementor-widget-text-editor\" data-id=\"5432102\" data-element_type=\"widget\" data-e-type=\"widget\" data-widget_type=\"text-editor.default\">\n\t\t\t\t<div class=\"elementor-widget-container\">\n\t\t\t\t\t\t\t\t\t<h3>Iza G\u00f3rska &#8211;\u00a0 <a style=\"letter-spacing: 0em;\" href=\"https:\/\/www.facebook.com\/media\/set?vanity=justynowjanowka&amp;set=a.1121788699967954\">Facebook<\/a><\/h3>\t\t\t\t\t\t\t\t<\/div>\n\t\t\t\t<\/div>\n\t\t\t\t<div class=\"elementor-element elementor-element-100efc5 elementor-widget elementor-widget-text-editor\" data-id=\"100efc5\" data-element_type=\"widget\" data-e-type=\"widget\" data-widget_type=\"text-editor.default\">\n\t\t\t\t<div class=\"elementor-widget-container\">\n\t\t\t\t\t\t\t\t\t<h3><a class=\"x1i10hfl xjbqb8w x1ejq31n xd10rxx x1sy0etr x17r0tee x972fbf xcfux6l x1qhh985 xm0m39n x9f619 x1ypdohk xt0psk2 xe8uvvx xdj266r x11i5rnm xat24cr x1mh8g0r xexx8yu x4uap5 x18d9i69 xkhd6sd x16tdsg8 x1hl2dhg xggy1nq x1a2a7pz xkrqix3 x1sur9pj x1fey0fg x1s688f\" tabindex=\"0\" role=\"link\" href=\"http:\/\/foto.as\/?fbclid=IwZXh0bgNhZW0CMTAAYnJpZBEwS2RCeGQ4VVFQNHVjMDk0QwEeoyYTnY4-dvrXqYfIhmQJ2IeiuKmpZifT-sQegjTPGJiKtwLb71e5CNFZc00_aem_zKunb0kft_dPb6wDtMXCZw\" target=\"_blank\" rel=\"nofollow noopener noreferrer\">Foto.AS.<\/a> cz.3 &#8211;\u00a0 <a style=\"letter-spacing: 0em;\" href=\"https:\/\/www.facebook.com\/share\/p\/1ZLTsQ7EVp\/\">Facebook<\/a><\/h3>\t\t\t\t\t\t\t\t<\/div>\n\t\t\t\t<\/div>\n\t\t\t\t<div class=\"elementor-element elementor-element-4b5ccab elementor-widget elementor-widget-text-editor\" data-id=\"4b5ccab\" data-element_type=\"widget\" data-e-type=\"widget\" data-widget_type=\"text-editor.default\">\n\t\t\t\t<div class=\"elementor-widget-container\">\n\t\t\t\t\t\t\t\t\t<h3><a class=\"x1i10hfl xjbqb8w x1ejq31n xd10rxx x1sy0etr x17r0tee x972fbf xcfux6l x1qhh985 xm0m39n x9f619 x1ypdohk xt0psk2 xe8uvvx xdj266r x11i5rnm xat24cr x1mh8g0r xexx8yu x4uap5 x18d9i69 xkhd6sd x16tdsg8 x1hl2dhg xggy1nq x1a2a7pz xkrqix3 x1sur9pj x1fey0fg x1s688f\" tabindex=\"0\" role=\"link\" href=\"http:\/\/foto.as\/?fbclid=IwZXh0bgNhZW0CMTAAYnJpZBEwS2RCeGQ4VVFQNHVjMDk0QwEeoyYTnY4-dvrXqYfIhmQJ2IeiuKmpZifT-sQegjTPGJiKtwLb71e5CNFZc00_aem_zKunb0kft_dPb6wDtMXCZw\" target=\"_blank\" rel=\"nofollow noopener noreferrer\">Foto.AS.<\/a> cz.2 &#8211;\u00a0 <a style=\"letter-spacing: 0em;\" href=\"https:\/\/www.facebook.com\/share\/p\/1CE8m2oiiD\/\">Facebook<\/a><\/h3>\t\t\t\t\t\t\t\t<\/div>\n\t\t\t\t<\/div>\n\t\t\t\t<div class=\"elementor-element elementor-element-2831d44 elementor-widget elementor-widget-text-editor\" data-id=\"2831d44\" data-element_type=\"widget\" data-e-type=\"widget\" data-widget_type=\"text-editor.default\">\n\t\t\t\t<div class=\"elementor-widget-container\">\n\t\t\t\t\t\t\t\t\t<h3><a class=\"x1i10hfl xjbqb8w x1ejq31n xd10rxx x1sy0etr x17r0tee x972fbf xcfux6l x1qhh985 xm0m39n x9f619 x1ypdohk xt0psk2 xe8uvvx xdj266r x11i5rnm xat24cr x1mh8g0r xexx8yu x4uap5 x18d9i69 xkhd6sd x16tdsg8 x1hl2dhg xggy1nq x1a2a7pz xkrqix3 x1sur9pj x1fey0fg x1s688f\" tabindex=\"0\" role=\"link\" href=\"http:\/\/foto.as\/?fbclid=IwZXh0bgNhZW0CMTAAYnJpZBEwS2RCeGQ4VVFQNHVjMDk0QwEeoyYTnY4-dvrXqYfIhmQJ2IeiuKmpZifT-sQegjTPGJiKtwLb71e5CNFZc00_aem_zKunb0kft_dPb6wDtMXCZw\" target=\"_blank\" rel=\"nofollow noopener noreferrer\">Foto.AS.<\/a> cz.1 &#8211;\u00a0 <a style=\"letter-spacing: 0em;\" href=\"https:\/\/www.facebook.com\/share\/p\/1HJ728DM9Y\/\">Facebook<\/a><\/h3>\t\t\t\t\t\t\t\t<\/div>\n\t\t\t\t<\/div>\n\t\t\t\t<div class=\"elementor-element elementor-element-c5ec3ff elementor-widget elementor-widget-text-editor\" data-id=\"c5ec3ff\" data-element_type=\"widget\" data-e-type=\"widget\" data-widget_type=\"text-editor.default\">\n\t\t\t\t<div class=\"elementor-widget-container\">\n\t\t\t\t\t\t\t\t\t<h3>Facebook Dycha Justyn\u00f3w-Jan\u00f3wka &#8211; <a href=\"https:\/\/www.facebook.com\/justynowjanowka\/photos_albums\">Galeria<\/a><\/h3>\t\t\t\t\t\t\t\t<\/div>\n\t\t\t\t<\/div>\n\t\t\t\t<div class=\"elementor-element elementor-element-a23bb2c elementor-widget elementor-widget-text-editor\" data-id=\"a23bb2c\" data-element_type=\"widget\" data-e-type=\"widget\" data-widget_type=\"text-editor.default\">\n\t\t\t\t<div class=\"elementor-widget-container\">\n\t\t\t\t\t\t\t\t\t<h3>Foto. Wioleta Jask\u00f3\u0142ka &#8211; <a href=\"https:\/\/www.facebook.com\/media\/set\/?set=a.24348441818107659&amp;type=3\">Galeria<\/a><\/h3>\t\t\t\t\t\t\t\t<\/div>\n\t\t\t\t<\/div>\n\t\t\t\t\t<\/div>\n\t\t<\/div>\n\t\t\t\t\t<\/div>\n\t\t<\/section>\n\t\t\t\t<section class=\"elementor-section elementor-top-section elementor-element elementor-element-e1bc886 elementor-section-boxed elementor-section-height-default elementor-section-height-default\" data-id=\"e1bc886\" data-element_type=\"section\" data-e-type=\"section\">\n\t\t\t\t\t\t<div class=\"elementor-container elementor-column-gap-default\">\n\t\t\t\t\t<div class=\"elementor-column elementor-col-100 elementor-top-column elementor-element elementor-element-d2b009e\" data-id=\"d2b009e\" data-element_type=\"column\" data-e-type=\"column\">\n\t\t\t<div class=\"elementor-widget-wrap elementor-element-populated\">\n\t\t\t\t\t\t<div class=\"elementor-element elementor-element-b81c39b elementor-widget elementor-widget-spacer\" data-id=\"b81c39b\" data-element_type=\"widget\" data-e-type=\"widget\" data-widget_type=\"spacer.default\">\n\t\t\t\t<div class=\"elementor-widget-container\">\n\t\t\t\t\t\t\t<div class=\"elementor-spacer\">\n\t\t\t<div class=\"elementor-spacer-inner\"><\/div>\n\t\t<\/div>\n\t\t\t\t\t\t<\/div>\n\t\t\t\t<\/div>\n\t\t\t\t\t<\/div>\n\t\t<\/div>\n\t\t\t\t\t<\/div>\n\t\t<\/section>\n\t\t\t\t<section class=\"elementor-section elementor-top-section elementor-element elementor-element-f3871ab elementor-section-boxed elementor-section-height-default elementor-section-height-default\" data-id=\"f3871ab\" data-element_type=\"section\" data-e-type=\"section\">\n\t\t\t\t\t\t<div class=\"elementor-container elementor-column-gap-default\">\n\t\t\t\t\t<div class=\"elementor-column elementor-col-100 elementor-top-column elementor-element elementor-element-82d9f0a\" data-id=\"82d9f0a\" data-element_type=\"column\" data-e-type=\"column\">\n\t\t\t<div class=\"elementor-widget-wrap elementor-element-populated\">\n\t\t\t\t\t\t<div class=\"elementor-element elementor-element-a1f7afe elementor-widget elementor-widget-shortcode\" data-id=\"a1f7afe\" data-element_type=\"widget\" data-e-type=\"widget\" data-widget_type=\"shortcode.default\">\n\t\t\t\t<div class=\"elementor-widget-container\">\n\t\t\t\t\t\t\t<div class=\"elementor-shortcode\">\t\t\r\n\t\t\r\n\t\t<style>\t\r\n\t\t\t\t\t\t\t#lswssp-logo-carousel-1 .lswssp-logo-img-wrap .lswssp-logo-img{max-height:200px}\r\n\t\t\t\t\t<\/style>\r\n\r\n\t\t<div class=\"lswssp-wrap lswssp-logo-showcase lswssp-logo-carousel-wrap lswssp-post-data-wrap lswssp-design-1  lswssp-default-height\">\r\n\t<div class=\"lswssp-logo-carousel lswssp-logo-carousel-inr-wrap lswssp-post-data-inr-wrap lswssp-tooltip-conf lswssp-clearfix\" id=\"lswssp-logo-carousel-1\" data-conf=\"{&quot;id&quot;:&quot;3342&quot;,&quot;css_class&quot;:&quot; lswssp-default-height&quot;,&quot;display_type&quot;:&quot;slider&quot;,&quot;images&quot;:[3492,3429,3490,3436,3459,3489,3491,3460,3926],&quot;design&quot;:&quot;design-1&quot;,&quot;show_title&quot;:false,&quot;show_desc&quot;:false,&quot;link_target&quot;:&quot;_blank&quot;,&quot;min_height&quot;:&quot;&quot;,&quot;max_height&quot;:200,&quot;slides_show&quot;:5,&quot;slides_scroll&quot;:1,&quot;autoplay&quot;:true,&quot;autoplay_speed&quot;:3000,&quot;speed&quot;:600,&quot;arrow&quot;:true,&quot;dots&quot;:true,&quot;pause_on_hover&quot;:true,&quot;loop&quot;:true,&quot;centermode&quot;:false,&quot;center_padding&quot;:0,&quot;ipad&quot;:&quot;&quot;,&quot;tablet&quot;:&quot;&quot;,&quot;mobile&quot;:&quot;&quot;,&quot;unique&quot;:1,&quot;count&quot;:0,&quot;slide_to_show&quot;:5,&quot;slide_to_show_ipad&quot;:3,&quot;slide_to_show_tablet&quot;:2,&quot;slide_to_show_mobile&quot;:1}\"><div class=\"lswssp-slide lswssp-post-3492\">\r\n\t<div class=\"lswssp-slide-inner\">\r\n\t\t<div class=\"lswssp-logo-img-wrap\">\r\n\t\t\t\t\t\t\t<a href=\"https:\/\/www.lasy.gov.pl\/pl\" class=\"lswssp-logo-img-link\" target=\"_blank\"><img decoding=\"async\" src=\"https:\/\/justynow-janowka.pl\/wp-content\/uploads\/2025\/03\/lasy.jpg\" class=\"lswssp-logo-img\" alt=\"Lasy Pa\u0144stwowe\" \/><\/a>\r\n\t\t\t\t\t<\/div>\r\n\r\n\t\t\t<\/div>\r\n<\/div><div class=\"lswssp-slide lswssp-post-3429\">\r\n\t<div class=\"lswssp-slide-inner\">\r\n\t\t<div class=\"lswssp-logo-img-wrap\">\r\n\t\t\t\t\t\t\t<a href=\"https:\/\/www.bip.andrespol.pl\/\" class=\"lswssp-logo-img-link\" target=\"_blank\"><img decoding=\"async\" src=\"https:\/\/justynow-janowka.pl\/wp-content\/uploads\/2025\/03\/Gmina-Andrespol.png\" class=\"lswssp-logo-img\" alt=\"Gmina Andrespol\" \/><\/a>\r\n\t\t\t\t\t<\/div>\r\n\r\n\t\t\t<\/div>\r\n<\/div><div class=\"lswssp-slide lswssp-post-3490\">\r\n\t<div class=\"lswssp-slide-inner\">\r\n\t\t<div class=\"lswssp-logo-img-wrap\">\r\n\t\t\t\t\t\t\t<a href=\"https:\/\/trucht.com\/\" class=\"lswssp-logo-img-link\" target=\"_blank\"><img decoding=\"async\" src=\"https:\/\/justynow-janowka.pl\/wp-content\/uploads\/2025\/03\/trucht_logo.png\" class=\"lswssp-logo-img\" alt=\"trucht_logo\" \/><\/a>\r\n\t\t\t\t\t<\/div>\r\n\r\n\t\t\t<\/div>\r\n<\/div><div class=\"lswssp-slide lswssp-post-3436\">\r\n\t<div class=\"lswssp-slide-inner\">\r\n\t\t<div class=\"lswssp-logo-img-wrap\">\r\n\t\t\t\t\t\t\t<a href=\"https:\/\/www.lzsjustynow.pl\/\" class=\"lswssp-logo-img-link\" target=\"_blank\"><img decoding=\"async\" src=\"https:\/\/justynow-janowka.pl\/wp-content\/uploads\/2025\/03\/LZS.jpg\" class=\"lswssp-logo-img\" alt=\"Logo LZS Justyn\u00f3w\" \/><\/a>\r\n\t\t\t\t\t<\/div>\r\n\r\n\t\t\t<\/div>\r\n<\/div><div class=\"lswssp-slide lswssp-post-3459\">\r\n\t<div class=\"lswssp-slide-inner\">\r\n\t\t<div class=\"lswssp-logo-img-wrap\">\r\n\t\t\t\t\t\t\t<a href=\"https:\/\/sebdan.pl\/\" class=\"lswssp-logo-img-link\" target=\"_blank\"><img decoding=\"async\" src=\"https:\/\/justynow-janowka.pl\/wp-content\/uploads\/2025\/03\/sebdan.png\" class=\"lswssp-logo-img\" alt=\"Sebdan\" \/><\/a>\r\n\t\t\t\t\t<\/div>\r\n\r\n\t\t\t<\/div>\r\n<\/div><div class=\"lswssp-slide lswssp-post-3489\">\r\n\t<div class=\"lswssp-slide-inner\">\r\n\t\t<div class=\"lswssp-logo-img-wrap\">\r\n\t\t\t\t\t\t\t<a href=\"https:\/\/www.dynafit.com\/\" class=\"lswssp-logo-img-link\" target=\"_blank\"><img decoding=\"async\" src=\"https:\/\/justynow-janowka.pl\/wp-content\/uploads\/2025\/03\/dynafit.png\" class=\"lswssp-logo-img\" alt=\"dynafit\" \/><\/a>\r\n\t\t\t\t\t<\/div>\r\n\r\n\t\t\t<\/div>\r\n<\/div><div class=\"lswssp-slide lswssp-post-3491\">\r\n\t<div class=\"lswssp-slide-inner\">\r\n\t\t<div class=\"lswssp-logo-img-wrap\">\r\n\t\t\t\t\t\t\t<a href=\"https:\/\/biegampolodzi.pl\/\" class=\"lswssp-logo-img-link\" target=\"_blank\"><img decoding=\"async\" src=\"https:\/\/justynow-janowka.pl\/wp-content\/uploads\/2025\/03\/LOGO_BP.png.webp\" class=\"lswssp-logo-img\" alt=\"LOGO_BP.png\" \/><\/a>\r\n\t\t\t\t\t<\/div>\r\n\r\n\t\t\t<\/div>\r\n<\/div><div class=\"lswssp-slide lswssp-post-3460\">\r\n\t<div class=\"lswssp-slide-inner\">\r\n\t\t<div class=\"lswssp-logo-img-wrap\">\r\n\t\t\t\t\t\t\t<a href=\"https:\/\/www.lodzkiwschodni.pl\/\" class=\"lswssp-logo-img-link\" target=\"_blank\"><img decoding=\"async\" src=\"https:\/\/justynow-janowka.pl\/wp-content\/uploads\/2025\/03\/plw.png\" class=\"lswssp-logo-img\" alt=\"Powiat \u0141\u00f3dzki Wschodni\" \/><\/a>\r\n\t\t\t\t\t<\/div>\r\n\r\n\t\t\t<\/div>\r\n<\/div><div class=\"lswssp-slide lswssp-post-3926\">\r\n\t<div class=\"lswssp-slide-inner\">\r\n\t\t<div class=\"lswssp-logo-img-wrap\">\r\n\t\t\t\t\t\t\t<img decoding=\"async\" class=\"lswssp-logo-img\" src=\"https:\/\/justynow-janowka.pl\/wp-content\/uploads\/2026\/03\/logo-gralech.png\" alt=\"logo-gralech\" \/>\r\n\t\t\t\t\t<\/div>\r\n\r\n\t\t\t<\/div>\r\n<\/div>\t<\/div>\r\n<\/div><\/div>\n\t\t\t\t\t\t<\/div>\n\t\t\t\t<\/div>\n\t\t\t\t\t<\/div>\n\t\t<\/div>\n\t\t\t\t\t<\/div>\n\t\t<\/section>\n\t\t\t\t<\/div>\n\t\t","protected":false},"excerpt":{"rendered":"<p>Galeria zdj\u0119\u0107 &#8211; 16. Dycha Justyn\u00f3w-Jan\u00f3wka Linki (2025): Konrad Ci\u0119\u017cki &#8211; Zabiegany Fotografik &#8211;\u00a0 Facebook Iza G\u00f3rska &#8211;\u00a0 Facebook Foto.AS. cz.3 &#8211;\u00a0 Facebook Foto.AS. cz.2 &#8211;\u00a0 Facebook Foto.AS. cz.1 &#8211;\u00a0 Facebook Facebook Dycha Justyn\u00f3w-Jan\u00f3wka &#8211; Galeria Foto. Wioleta Jask\u00f3\u0142ka &#8211; Galeria<\/p>\n","protected":false},"author":2,"featured_media":0,"parent":0,"menu_order":0,"comment_status":"closed","ping_status":"closed","template":"elementor_header_footer","meta":{"_kad_post_transparent":"","_kad_post_title":"hide","_kad_post_layout":"fullwidth","_kad_post_sidebar_id":"","_kad_post_content_style":"unboxed","_kad_post_vertical_padding":"hide","_kad_post_feature":"hide","_kad_post_feature_position":"","_kad_post_header":false,"_kad_post_footer":false,"footnotes":""},"class_list":["post-3750","page","type-page","status-publish","hentry"],"_links":{"self":[{"href":"https:\/\/justynow-janowka.pl\/index.php\/wp-json\/wp\/v2\/pages\/3750","targetHints":{"allow":["GET"]}}],"collection":[{"href":"https:\/\/justynow-janowka.pl\/index.php\/wp-json\/wp\/v2\/pages"}],"about":[{"href":"https:\/\/justynow-janowka.pl\/index.php\/wp-json\/wp\/v2\/types\/page"}],"author":[{"embeddable":true,"href":"https:\/\/justynow-janowka.pl\/index.php\/wp-json\/wp\/v2\/users\/2"}],"replies":[{"embeddable":true,"href":"https:\/\/justynow-janowka.pl\/index.php\/wp-json\/wp\/v2\/comments?post=3750"}],"version-history":[{"count":29,"href":"https:\/\/justynow-janowka.pl\/index.php\/wp-json\/wp\/v2\/pages\/3750\/revisions"}],"predecessor-version":[{"id":3795,"href":"https:\/\/justynow-janowka.pl\/index.php\/wp-json\/wp\/v2\/pages\/3750\/revisions\/3795"}],"wp:attachment":[{"href":"https:\/\/justynow-janowka.pl\/index.php\/wp-json\/wp\/v2\/media?parent=3750"}],"curies":[{"name":"wp","href":"https:\/\/api.w.org\/{rel}","templated":true}]}}