{"id":3961,"date":"2026-03-10T14:21:01","date_gmt":"2026-03-10T13:21:01","guid":{"rendered":"https:\/\/justynow-janowka.pl\/?page_id=3961"},"modified":"2026-03-10T20:56:24","modified_gmt":"2026-03-10T19:56:24","slug":"dystanse-biegow-dla-dzieci","status":"publish","type":"page","link":"https:\/\/justynow-janowka.pl\/index.php\/dystanse-biegow-dla-dzieci\/","title":{"rendered":"Dystanse bieg\u00f3w dla dzieci"},"content":{"rendered":"\t\t<div data-elementor-type=\"wp-page\" data-elementor-id=\"3961\" class=\"elementor elementor-3961\">\n\t\t\t\t\t\t<section class=\"elementor-section elementor-top-section elementor-element elementor-element-bde370c elementor-section-boxed elementor-section-height-default elementor-section-height-default\" data-id=\"bde370c\" data-element_type=\"section\" data-e-type=\"section\">\n\t\t\t\t\t\t<div class=\"elementor-container elementor-column-gap-default\">\n\t\t\t\t\t<div class=\"elementor-column elementor-col-100 elementor-top-column elementor-element elementor-element-04e2d77\" data-id=\"04e2d77\" data-element_type=\"column\" data-e-type=\"column\">\n\t\t\t<div class=\"elementor-widget-wrap elementor-element-populated\">\n\t\t\t\t\t\t<div class=\"elementor-element elementor-element-28ed29b elementor-widget elementor-widget-spacer\" data-id=\"28ed29b\" data-element_type=\"widget\" data-e-type=\"widget\" data-widget_type=\"spacer.default\">\n\t\t\t\t<div class=\"elementor-widget-container\">\n\t\t\t\t\t\t\t<div class=\"elementor-spacer\">\n\t\t\t<div class=\"elementor-spacer-inner\"><\/div>\n\t\t<\/div>\n\t\t\t\t\t\t<\/div>\n\t\t\t\t<\/div>\n\t\t\t\t<div class=\"elementor-element elementor-element-b070253 elementor-widget elementor-widget-heading\" data-id=\"b070253\" data-element_type=\"widget\" data-e-type=\"widget\" data-widget_type=\"heading.default\">\n\t\t\t\t<div class=\"elementor-widget-container\">\n\t\t\t\t\t<h2 class=\"elementor-heading-title elementor-size-default\">Dystanse bieg\u00f3w dla dzieci<\/h2>\t\t\t\t<\/div>\n\t\t\t\t<\/div>\n\t\t\t\t\t<\/div>\n\t\t<\/div>\n\t\t\t\t\t<\/div>\n\t\t<\/section>\n\t\t\t\t<section class=\"elementor-section elementor-top-section elementor-element elementor-element-e3b6c9e elementor-section-boxed elementor-section-height-default elementor-section-height-default\" data-id=\"e3b6c9e\" data-element_type=\"section\" data-e-type=\"section\">\n\t\t\t\t\t\t<div class=\"elementor-container elementor-column-gap-default\">\n\t\t\t\t\t<div class=\"elementor-column elementor-col-100 elementor-top-column elementor-element elementor-element-f6a9c80\" data-id=\"f6a9c80\" data-element_type=\"column\" data-e-type=\"column\">\n\t\t\t<div class=\"elementor-widget-wrap elementor-element-populated\">\n\t\t\t\t\t\t<div class=\"elementor-element elementor-element-5421e58 elementor-widget-divider--view-line elementor-widget elementor-widget-divider\" data-id=\"5421e58\" data-element_type=\"widget\" data-e-type=\"widget\" data-widget_type=\"divider.default\">\n\t\t\t\t<div class=\"elementor-widget-container\">\n\t\t\t\t\t\t\t<div class=\"elementor-divider\">\n\t\t\t<span class=\"elementor-divider-separator\">\n\t\t\t\t\t\t<\/span>\n\t\t<\/div>\n\t\t\t\t\t\t<\/div>\n\t\t\t\t<\/div>\n\t\t\t\t\t<\/div>\n\t\t<\/div>\n\t\t\t\t\t<\/div>\n\t\t<\/section>\n\t\t\t\t<section class=\"elementor-section elementor-top-section elementor-element elementor-element-18a77d7 elementor-section-boxed elementor-section-height-default elementor-section-height-default\" data-id=\"18a77d7\" data-element_type=\"section\" data-e-type=\"section\">\n\t\t\t\t\t\t<div class=\"elementor-container elementor-column-gap-default\">\n\t\t\t\t\t<div class=\"elementor-column elementor-col-100 elementor-top-column elementor-element elementor-element-a9d4a66\" data-id=\"a9d4a66\" data-element_type=\"column\" data-e-type=\"column\">\n\t\t\t<div class=\"elementor-widget-wrap elementor-element-populated\">\n\t\t\t\t\t\t<div class=\"elementor-element elementor-element-6d8971a elementor-widget__width-auto elementor-widget elementor-widget-text-editor\" data-id=\"6d8971a\" data-element_type=\"widget\" data-e-type=\"widget\" data-widget_type=\"text-editor.default\">\n\t\t\t\t<div class=\"elementor-widget-container\">\n\t\t\t\t\t\t\t\t\t<div><p><span style=\"font-weight: 400;\">Poni\u017cej znajduje si\u0119 szczeg\u00f3\u0142owy spis dystans\u00f3w do przebiegni\u0119cia dla poszczeg\u00f3lnych rocznik\u00f3w mierzona w okr\u0105\u017ceniach pe\u0142nowymiarowego boiska do pi\u0142ki no\u017cnej (ok.343 metry). W praktyce trasa wyznaczana jest w jego obr\u0119bie, dlatego przybli\u017cony dystans do przebycia dla jednego okr\u0105\u017cenia to oko\u0142o 300 metr\u00f3w.\u00a0<\/span><\/p><p>\u00a0<\/p><\/div><ul><li><span style=\"font-weight: normal;\">D0: 2022 i m\u0142odsi\/m\u0142odsze: p\u00f3\u0142 okr\u0105\u017cenia dooko\u0142a boiska<\/span><\/li><li><span style=\"font-weight: normal;\">D1: roczniki 2021-2020: p\u00f3\u0142 okr\u0105\u017cenia dooko\u0142a boiska<\/span><\/li><li><span style=\"font-weight: normal;\">D2: roczniki 2019-2018: 1. okr\u0105\u017cenie dooko\u0142a boiska<\/span><\/li><li><span style=\"font-weight: normal;\">D3: roczniki 2017-2016: 1. okr\u0105\u017cenie dooko\u0142a boiska<\/span><\/li><li><span style=\"font-weight: normal;\">D4: roczniki 2015-2014: 2. okr\u0105\u017cenia dooko\u0142a boiska<\/span><\/li><li><span style=\"font-weight: normal;\">D5: roczniki 2013-2011: 3. okr\u0105\u017cenia dooko\u0142a boiska<\/span><\/li><\/ul><p>Organizator zastrzega mo\u017cliwo\u015b\u0107 zmiany dystans\u00f3w.<br \/><span style=\"font-weight: normal;\">Rywalizacja odbywa si\u0119 <\/span><span style=\"font-weight: normal;\" data-start=\"346\" data-end=\"387\"><u>oddzielnie <\/u>dla dziewczynek i ch\u0142opc\u00f3w<\/span><span style=\"font-weight: normal;\">.<\/span><\/p>\t\t\t\t\t\t\t\t<\/div>\n\t\t\t\t<\/div>\n\t\t\t\t<div class=\"elementor-element elementor-element-357c529 elementor-widget elementor-widget-spacer\" data-id=\"357c529\" data-element_type=\"widget\" data-e-type=\"widget\" data-widget_type=\"spacer.default\">\n\t\t\t\t<div class=\"elementor-widget-container\">\n\t\t\t\t\t\t\t<div class=\"elementor-spacer\">\n\t\t\t<div class=\"elementor-spacer-inner\"><\/div>\n\t\t<\/div>\n\t\t\t\t\t\t<\/div>\n\t\t\t\t<\/div>\n\t\t\t\t\t<\/div>\n\t\t<\/div>\n\t\t\t\t\t<\/div>\n\t\t<\/section>\n\t\t\t\t<section class=\"elementor-section elementor-top-section elementor-element elementor-element-5d31d0d elementor-section-boxed elementor-section-height-default elementor-section-height-default\" data-id=\"5d31d0d\" data-element_type=\"section\" data-e-type=\"section\">\n\t\t\t\t\t\t<div class=\"elementor-container elementor-column-gap-default\">\n\t\t\t\t\t<div class=\"elementor-column elementor-col-100 elementor-top-column elementor-element elementor-element-03093cc\" data-id=\"03093cc\" data-element_type=\"column\" data-e-type=\"column\">\n\t\t\t<div class=\"elementor-widget-wrap elementor-element-populated\">\n\t\t\t\t\t\t<div class=\"elementor-element elementor-element-b0c38ac elementor-widget__width-initial elementor-widget elementor-widget-image\" data-id=\"b0c38ac\" data-element_type=\"widget\" data-e-type=\"widget\" data-widget_type=\"image.default\">\n\t\t\t\t<div class=\"elementor-widget-container\">\n\t\t\t\t\t\t\t\t\t\t\t\t<figure class=\"wp-caption\">\n\t\t\t\t\t\t\t\t\t\t<img fetchpriority=\"high\" decoding=\"async\" width=\"2560\" height=\"1920\" src=\"https:\/\/justynow-janowka.pl\/wp-content\/uploads\/2026\/03\/DJI_20240808134043_0135_D-scaled.jpg\" class=\"attachment-full size-full wp-image-3975\" alt=\"\" srcset=\"https:\/\/justynow-janowka.pl\/wp-content\/uploads\/2026\/03\/DJI_20240808134043_0135_D-scaled.jpg 2560w, https:\/\/justynow-janowka.pl\/wp-content\/uploads\/2026\/03\/DJI_20240808134043_0135_D-300x225.jpg 300w, https:\/\/justynow-janowka.pl\/wp-content\/uploads\/2026\/03\/DJI_20240808134043_0135_D-1024x768.jpg 1024w, https:\/\/justynow-janowka.pl\/wp-content\/uploads\/2026\/03\/DJI_20240808134043_0135_D-768x576.jpg 768w, https:\/\/justynow-janowka.pl\/wp-content\/uploads\/2026\/03\/DJI_20240808134043_0135_D-1536x1152.jpg 1536w, https:\/\/justynow-janowka.pl\/wp-content\/uploads\/2026\/03\/DJI_20240808134043_0135_D-2048x1536.jpg 2048w\" sizes=\"(max-width: 2560px) 100vw, 2560px\" \/>\t\t\t\t\t\t\t\t\t\t\t<figcaption class=\"widget-image-caption wp-caption-text\">fot. FOTO FABRIKON Youtube:@fotofabrikon5871<\/figcaption>\n\t\t\t\t\t\t\t\t\t\t<\/figure>\n\t\t\t\t\t\t\t\t\t<\/div>\n\t\t\t\t<\/div>\n\t\t\t\t\t<\/div>\n\t\t<\/div>\n\t\t\t\t\t<\/div>\n\t\t<\/section>\n\t\t\t\t<\/div>\n\t\t","protected":false},"excerpt":{"rendered":"<p>Dystanse bieg\u00f3w dla dzieci Poni\u017cej znajduje si\u0119 szczeg\u00f3\u0142owy spis dystans\u00f3w do przebiegni\u0119cia dla poszczeg\u00f3lnych rocznik\u00f3w mierzona w okr\u0105\u017ceniach pe\u0142nowymiarowego boiska do pi\u0142ki no\u017cnej (ok.343 metry). W praktyce trasa wyznaczana jest w jego obr\u0119bie, dlatego przybli\u017cony dystans do przebycia dla jednego okr\u0105\u017cenia to oko\u0142o 300 metr\u00f3w.\u00a0 \u00a0 D0: 2022 i m\u0142odsi\/m\u0142odsze: p\u00f3\u0142 okr\u0105\u017cenia dooko\u0142a boiska D1:&#8230;<\/p>\n","protected":false},"author":3,"featured_media":3940,"parent":0,"menu_order":0,"comment_status":"closed","ping_status":"closed","template":"","meta":{"_kad_post_transparent":"","_kad_post_title":"hide","_kad_post_layout":"fullwidth","_kad_post_sidebar_id":"","_kad_post_content_style":"unboxed","_kad_post_vertical_padding":"hide","_kad_post_feature":"hide","_kad_post_feature_position":"","_kad_post_header":false,"_kad_post_footer":false,"footnotes":""},"class_list":["post-3961","page","type-page","status-publish","has-post-thumbnail","hentry"],"_links":{"self":[{"href":"https:\/\/justynow-janowka.pl\/index.php\/wp-json\/wp\/v2\/pages\/3961","targetHints":{"allow":["GET"]}}],"collection":[{"href":"https:\/\/justynow-janowka.pl\/index.php\/wp-json\/wp\/v2\/pages"}],"about":[{"href":"https:\/\/justynow-janowka.pl\/index.php\/wp-json\/wp\/v2\/types\/page"}],"author":[{"embeddable":true,"href":"https:\/\/justynow-janowka.pl\/index.php\/wp-json\/wp\/v2\/users\/3"}],"replies":[{"embeddable":true,"href":"https:\/\/justynow-janowka.pl\/index.php\/wp-json\/wp\/v2\/comments?post=3961"}],"version-history":[{"count":19,"href":"https:\/\/justynow-janowka.pl\/index.php\/wp-json\/wp\/v2\/pages\/3961\/revisions"}],"predecessor-version":[{"id":3987,"href":"https:\/\/justynow-janowka.pl\/index.php\/wp-json\/wp\/v2\/pages\/3961\/revisions\/3987"}],"wp:featuredmedia":[{"embeddable":true,"href":"https:\/\/justynow-janowka.pl\/index.php\/wp-json\/wp\/v2\/media\/3940"}],"wp:attachment":[{"href":"https:\/\/justynow-janowka.pl\/index.php\/wp-json\/wp\/v2\/media?parent=3961"}],"curies":[{"name":"wp","href":"https:\/\/api.w.org\/{rel}","templated":true}]}}